{"id":1063,"date":"2012-05-03T09:46:24","date_gmt":"2012-05-03T09:46:24","guid":{"rendered":"\/?page_id=1063"},"modified":"2014-11-10T16:05:30","modified_gmt":"2014-11-10T16:05:30","slug":"fermentierte-sahneprodukte","status":"publish","type":"page","link":"https:\/\/katech-solutions.com\/de\/sahne\/fermentierte-sahneprodukte\/","title":{"rendered":"Fermentierte Sahneprodukte"},"content":{"rendered":"<p>Fermentierte Sahneprodukte, hergestellt mit mesophilen Milchs\u00e4urebakterien, zeichnen sich durch unterschiedlichste Anteile von Milch- oder Pflanzenfett (von 3 bis 40% Fett)\u00a0 und Texturen aus.<\/p>\n<p>Fermentierte Sahneprodukte werden \u00fcberwiegend zur Verfeinerung von Suppen und Saucen aber auch in Dips, Dressings und S\u00fc\u00dfspeisen verwendet.<\/p>\n<p>&nbsp;<\/p>\n","protected":false},"excerpt":{"rendered":"<p>Fermentierte Sahneprodukte, hergestellt mit mesophilen Milchs\u00e4urebakterien, zeichnen sich durch unterschiedlichste Anteile von Milch- oder Pflanzenfett (von 3 bis 40% Fett)\u00a0 und Texturen aus. Fermentierte Sahneprodukte werden \u00fcberwiegend zur Verfeinerung von Suppen und Saucen aber auch in Dips, Dressings und S\u00fc\u00dfspeisen &hellip; <a class=\"continue-reading\" href=\"https:\/\/katech-solutions.com\/de\/sahne\/fermentierte-sahneprodukte\/\">Weiterlesen <span class=\"meta-nav\">&rarr;<\/span><\/a><\/p>\n","protected":false},"author":3,"featured_media":0,"parent":1053,"menu_order":0,"comment_status":"closed","ping_status":"open","template":"","meta":{"_acf_changed":false,"footnotes":""},"class_list":["post-1063","page","type-page","status-publish","hentry"],"acf":[],"yoast_head":"<!-- This site is optimized with the Yoast SEO plugin v27.2 - https:\/\/yoast.com\/product\/yoast-seo-wordpress\/ -->\n<title>KaTech \u2013 Stabilisators und Emulgators f\u00fcr Fermentierte Sahneprodukte<\/title>\n<meta name=\"description\" content=\"KaTech sind ein Lebensmittel-Technologie-Unternehmen, spezialisiert auf die Erstellung von Stabilisator und Emulgator L\u00f6sungen f\u00fcr Fermentierte Sahneprodukte\" \/>\n<meta name=\"robots\" content=\"index, follow, max-snippet:-1, max-image-preview:large, max-video-preview:-1\" \/>\n<link rel=\"canonical\" href=\"https:\/\/katech-solutions.com\/de\/sahne\/fermentierte-sahneprodukte\/\" \/>\n<meta property=\"og:locale\" content=\"de_DE\" \/>\n<meta property=\"og:type\" content=\"article\" \/>\n<meta property=\"og:title\" content=\"KaTech \u2013 Stabilisators und Emulgators f\u00fcr Fermentierte Sahneprodukte\" \/>\n<meta property=\"og:description\" content=\"KaTech sind ein Lebensmittel-Technologie-Unternehmen, spezialisiert auf die Erstellung von Stabilisator und Emulgator L\u00f6sungen f\u00fcr Fermentierte Sahneprodukte\" \/>\n<meta property=\"og:url\" content=\"https:\/\/katech-solutions.com\/de\/sahne\/fermentierte-sahneprodukte\/\" \/>\n<meta property=\"og:site_name\" content=\"KaTech\" \/>\n<meta property=\"article:modified_time\" content=\"2014-11-10T16:05:30+00:00\" \/>\n<script type=\"application\/ld+json\" class=\"yoast-schema-graph\">{\"@context\":\"https:\/\/schema.org\",\"@graph\":[{\"@type\":\"WebPage\",\"@id\":\"https:\/\/katech-solutions.com\/de\/sahne\/fermentierte-sahneprodukte\/\",\"url\":\"https:\/\/katech-solutions.com\/de\/sahne\/fermentierte-sahneprodukte\/\",\"name\":\"KaTech \u2013 Stabilisators und Emulgators f\u00fcr Fermentierte Sahneprodukte\",\"isPartOf\":{\"@id\":\"https:\/\/katech-solutions.com\/#website\"},\"datePublished\":\"2012-05-03T09:46:24+00:00\",\"dateModified\":\"2014-11-10T16:05:30+00:00\",\"description\":\"KaTech sind ein Lebensmittel-Technologie-Unternehmen, spezialisiert auf die Erstellung von Stabilisator und Emulgator L\u00f6sungen f\u00fcr Fermentierte Sahneprodukte\",\"breadcrumb\":{\"@id\":\"https:\/\/katech-solutions.com\/de\/sahne\/fermentierte-sahneprodukte\/#breadcrumb\"},\"inLanguage\":\"de\",\"potentialAction\":[{\"@type\":\"ReadAction\",\"target\":[\"https:\/\/katech-solutions.com\/de\/sahne\/fermentierte-sahneprodukte\/\"]}]},{\"@type\":\"BreadcrumbList\",\"@id\":\"https:\/\/katech-solutions.com\/de\/sahne\/fermentierte-sahneprodukte\/#breadcrumb\",\"itemListElement\":[{\"@type\":\"ListItem\",\"position\":1,\"name\":\"Sahne\",\"item\":\"https:\/\/katech-solutions.com\/de\/sahne\/\"},{\"@type\":\"ListItem\",\"position\":2,\"name\":\"Sahne\",\"item\":\"https:\/\/katech-solutions.com\/sahne\/\"},{\"@type\":\"ListItem\",\"position\":3,\"name\":\"Fermentierte Sahneprodukte\"}]},{\"@type\":\"WebSite\",\"@id\":\"https:\/\/katech-solutions.com\/#website\",\"url\":\"https:\/\/katech-solutions.com\/\",\"name\":\"KaTech\",\"description\":\"\",\"potentialAction\":[{\"@type\":\"SearchAction\",\"target\":{\"@type\":\"EntryPoint\",\"urlTemplate\":\"https:\/\/katech-solutions.com\/?s={search_term_string}\"},\"query-input\":{\"@type\":\"PropertyValueSpecification\",\"valueRequired\":true,\"valueName\":\"search_term_string\"}}],\"inLanguage\":\"de\"}]}<\/script>\n<!-- \/ Yoast SEO plugin. -->","yoast_head_json":{"title":"KaTech \u2013 Stabilisators und Emulgators f\u00fcr Fermentierte Sahneprodukte","description":"KaTech sind ein Lebensmittel-Technologie-Unternehmen, spezialisiert auf die Erstellung von Stabilisator und Emulgator L\u00f6sungen f\u00fcr Fermentierte Sahneprodukte","robots":{"index":"index","follow":"follow","max-snippet":"max-snippet:-1","max-image-preview":"max-image-preview:large","max-video-preview":"max-video-preview:-1"},"canonical":"https:\/\/katech-solutions.com\/de\/sahne\/fermentierte-sahneprodukte\/","og_locale":"de_DE","og_type":"article","og_title":"KaTech \u2013 Stabilisators und Emulgators f\u00fcr Fermentierte Sahneprodukte","og_description":"KaTech sind ein Lebensmittel-Technologie-Unternehmen, spezialisiert auf die Erstellung von Stabilisator und Emulgator L\u00f6sungen f\u00fcr Fermentierte Sahneprodukte","og_url":"https:\/\/katech-solutions.com\/de\/sahne\/fermentierte-sahneprodukte\/","og_site_name":"KaTech","article_modified_time":"2014-11-10T16:05:30+00:00","schema":{"@context":"https:\/\/schema.org","@graph":[{"@type":"WebPage","@id":"https:\/\/katech-solutions.com\/de\/sahne\/fermentierte-sahneprodukte\/","url":"https:\/\/katech-solutions.com\/de\/sahne\/fermentierte-sahneprodukte\/","name":"KaTech \u2013 Stabilisators und Emulgators f\u00fcr Fermentierte Sahneprodukte","isPartOf":{"@id":"https:\/\/katech-solutions.com\/#website"},"datePublished":"2012-05-03T09:46:24+00:00","dateModified":"2014-11-10T16:05:30+00:00","description":"KaTech sind ein Lebensmittel-Technologie-Unternehmen, spezialisiert auf die Erstellung von Stabilisator und Emulgator L\u00f6sungen f\u00fcr Fermentierte Sahneprodukte","breadcrumb":{"@id":"https:\/\/katech-solutions.com\/de\/sahne\/fermentierte-sahneprodukte\/#breadcrumb"},"inLanguage":"de","potentialAction":[{"@type":"ReadAction","target":["https:\/\/katech-solutions.com\/de\/sahne\/fermentierte-sahneprodukte\/"]}]},{"@type":"BreadcrumbList","@id":"https:\/\/katech-solutions.com\/de\/sahne\/fermentierte-sahneprodukte\/#breadcrumb","itemListElement":[{"@type":"ListItem","position":1,"name":"Sahne","item":"https:\/\/katech-solutions.com\/de\/sahne\/"},{"@type":"ListItem","position":2,"name":"Sahne","item":"https:\/\/katech-solutions.com\/sahne\/"},{"@type":"ListItem","position":3,"name":"Fermentierte Sahneprodukte"}]},{"@type":"WebSite","@id":"https:\/\/katech-solutions.com\/#website","url":"https:\/\/katech-solutions.com\/","name":"KaTech","description":"","potentialAction":[{"@type":"SearchAction","target":{"@type":"EntryPoint","urlTemplate":"https:\/\/katech-solutions.com\/?s={search_term_string}"},"query-input":{"@type":"PropertyValueSpecification","valueRequired":true,"valueName":"search_term_string"}}],"inLanguage":"de"}]}},"_links":{"self":[{"href":"https:\/\/katech-solutions.com\/de\/wp-json\/wp\/v2\/pages\/1063","targetHints":{"allow":["GET"]}}],"collection":[{"href":"https:\/\/katech-solutions.com\/de\/wp-json\/wp\/v2\/pages"}],"about":[{"href":"https:\/\/katech-solutions.com\/de\/wp-json\/wp\/v2\/types\/page"}],"author":[{"embeddable":true,"href":"https:\/\/katech-solutions.com\/de\/wp-json\/wp\/v2\/users\/3"}],"replies":[{"embeddable":true,"href":"https:\/\/katech-solutions.com\/de\/wp-json\/wp\/v2\/comments?post=1063"}],"version-history":[{"count":20,"href":"https:\/\/katech-solutions.com\/de\/wp-json\/wp\/v2\/pages\/1063\/revisions"}],"predecessor-version":[{"id":6469,"href":"https:\/\/katech-solutions.com\/de\/wp-json\/wp\/v2\/pages\/1063\/revisions\/6469"}],"up":[{"embeddable":true,"href":"https:\/\/katech-solutions.com\/de\/wp-json\/wp\/v2\/pages\/1053"}],"wp:attachment":[{"href":"https:\/\/katech-solutions.com\/de\/wp-json\/wp\/v2\/media?parent=1063"}],"curies":[{"name":"wp","href":"https:\/\/api.w.org\/{rel}","templated":true}]}}