{"id":1057,"date":"2012-07-19T14:26:39","date_gmt":"2012-07-19T14:26:39","guid":{"rendered":"\/?page_id=1057"},"modified":"2013-10-29T14:49:14","modified_gmt":"2013-10-29T14:49:14","slug":"sahne-aus-pflanzenfett-ohne-milchprodukte","status":"publish","type":"page","link":"https:\/\/katech-solutions.com\/de\/sahne\/sahne-aus-pflanzenfett-ohne-milchprodukte\/","title":{"rendered":"Sahne aus Pflanzenfett ohne Milchprodukte"},"content":{"rendered":"<p>Bei Sahne aus Pflanzenfett handelt es sich um sahneartige \u00d6l-in-Wasser-L\u00f6sungen und Sahne ohne Milchprodukte ist, wie der Name schon sagt, vollst\u00e4ndig frei von Milchbestandteilen. Beide werden h\u00e4ufig verwendet, um echte Sahne zu ersetzen. Industrielle B\u00e4cker, Konditoren und Kantinen w\u00e4hlen diese Alternativen, da sie f\u00fcr ihre Stabilit\u00e4t bekannt sind. Dadurch eignen sie sich ideal f\u00fcr F\u00fcllungen, Bel\u00e4ge und als Dekoration. Milchfreie Alternativen werden f\u00fcr \u00e4u\u00dferst viele Anwendungen eingesetzt \u2013 von Feingeb\u00e4ck bis hin zu dekorierten Kuchen und Desserts.<\/p>\n<p>Es gibt zwei Arten milchfreier Sahne, f\u00fcr die verschiedene W\u00e4rmebehandlungstechnologien verwendet werden: Sterilisierung und Pasteurisierung. Milchfreie Sahne wird mithilfe von Ultrahocherhitzung sterilisiert und kann bei Raumtemperatur neun Monate lang gelagert werden.<\/p>\n","protected":false},"excerpt":{"rendered":"<p>Bei Sahne aus Pflanzenfett handelt es sich um sahneartige \u00d6l-in-Wasser-L\u00f6sungen und Sahne ohne Milchprodukte ist, wie der Name schon sagt, vollst\u00e4ndig frei von Milchbestandteilen. Beide werden h\u00e4ufig verwendet, um echte Sahne zu ersetzen. Industrielle B\u00e4cker, Konditoren und Kantinen w\u00e4hlen diese &hellip; <a class=\"continue-reading\" href=\"https:\/\/katech-solutions.com\/de\/sahne\/sahne-aus-pflanzenfett-ohne-milchprodukte\/\">Weiterlesen <span class=\"meta-nav\">&rarr;<\/span><\/a><\/p>\n","protected":false},"author":3,"featured_media":0,"parent":1053,"menu_order":0,"comment_status":"closed","ping_status":"open","template":"","meta":{"_acf_changed":false,"footnotes":""},"class_list":["post-1057","page","type-page","status-publish","hentry"],"acf":[],"yoast_head":"<!-- This site is optimized with the Yoast SEO plugin v27.2 - https:\/\/yoast.com\/product\/yoast-seo-wordpress\/ -->\n<title>KaTech \u2013 Stabilisatoren und Emulgatoren f\u00fcr Sahne aus Pflanzenfett ohne Milchprodukte<\/title>\n<meta name=\"description\" content=\"KaTech sind ein Lebensmittel-Technologie-Unternehmen, spezialisiert auf die Erstellung von ma\u00dfgeschneiderten Stabilisator und Emulgator L\u00f6sungen f\u00fcr Sahne aus Pflanzenfett ohne Milchprodukte\" \/>\n<meta name=\"robots\" content=\"index, follow, max-snippet:-1, max-image-preview:large, max-video-preview:-1\" \/>\n<link rel=\"canonical\" href=\"https:\/\/katech-solutions.com\/de\/sahne\/sahne-aus-pflanzenfett-ohne-milchprodukte\/\" \/>\n<meta property=\"og:locale\" content=\"de_DE\" \/>\n<meta property=\"og:type\" content=\"article\" \/>\n<meta property=\"og:title\" content=\"KaTech \u2013 Stabilisatoren und Emulgatoren f\u00fcr Sahne aus Pflanzenfett ohne Milchprodukte\" \/>\n<meta property=\"og:description\" content=\"KaTech sind ein Lebensmittel-Technologie-Unternehmen, spezialisiert auf die Erstellung von ma\u00dfgeschneiderten Stabilisator und Emulgator L\u00f6sungen f\u00fcr Sahne aus Pflanzenfett ohne Milchprodukte\" \/>\n<meta property=\"og:url\" content=\"https:\/\/katech-solutions.com\/de\/sahne\/sahne-aus-pflanzenfett-ohne-milchprodukte\/\" \/>\n<meta property=\"og:site_name\" content=\"KaTech\" \/>\n<meta property=\"article:modified_time\" content=\"2013-10-29T14:49:14+00:00\" \/>\n<meta name=\"twitter:label1\" content=\"Gesch\u00e4tzte Lesezeit\" \/>\n\t<meta name=\"twitter:data1\" content=\"1\u00a0Minute\" \/>\n<script type=\"application\/ld+json\" class=\"yoast-schema-graph\">{\"@context\":\"https:\/\/schema.org\",\"@graph\":[{\"@type\":\"WebPage\",\"@id\":\"https:\/\/katech-solutions.com\/de\/sahne\/sahne-aus-pflanzenfett-ohne-milchprodukte\/\",\"url\":\"https:\/\/katech-solutions.com\/de\/sahne\/sahne-aus-pflanzenfett-ohne-milchprodukte\/\",\"name\":\"KaTech \u2013 Stabilisatoren und Emulgatoren f\u00fcr Sahne aus Pflanzenfett ohne Milchprodukte\",\"isPartOf\":{\"@id\":\"https:\/\/katech-solutions.com\/#website\"},\"datePublished\":\"2012-07-19T14:26:39+00:00\",\"dateModified\":\"2013-10-29T14:49:14+00:00\",\"description\":\"KaTech sind ein Lebensmittel-Technologie-Unternehmen, spezialisiert auf die Erstellung von ma\u00dfgeschneiderten Stabilisator und Emulgator L\u00f6sungen f\u00fcr Sahne aus Pflanzenfett ohne Milchprodukte\",\"breadcrumb\":{\"@id\":\"https:\/\/katech-solutions.com\/de\/sahne\/sahne-aus-pflanzenfett-ohne-milchprodukte\/#breadcrumb\"},\"inLanguage\":\"de\",\"potentialAction\":[{\"@type\":\"ReadAction\",\"target\":[\"https:\/\/katech-solutions.com\/de\/sahne\/sahne-aus-pflanzenfett-ohne-milchprodukte\/\"]}]},{\"@type\":\"BreadcrumbList\",\"@id\":\"https:\/\/katech-solutions.com\/de\/sahne\/sahne-aus-pflanzenfett-ohne-milchprodukte\/#breadcrumb\",\"itemListElement\":[{\"@type\":\"ListItem\",\"position\":1,\"name\":\"Sahne\",\"item\":\"https:\/\/katech-solutions.com\/de\/sahne\/\"},{\"@type\":\"ListItem\",\"position\":2,\"name\":\"Sahne aus Pflanzenfett ohne Milchprodukte\"}]},{\"@type\":\"WebSite\",\"@id\":\"https:\/\/katech-solutions.com\/#website\",\"url\":\"https:\/\/katech-solutions.com\/\",\"name\":\"KaTech\",\"description\":\"\",\"potentialAction\":[{\"@type\":\"SearchAction\",\"target\":{\"@type\":\"EntryPoint\",\"urlTemplate\":\"https:\/\/katech-solutions.com\/?s={search_term_string}\"},\"query-input\":{\"@type\":\"PropertyValueSpecification\",\"valueRequired\":true,\"valueName\":\"search_term_string\"}}],\"inLanguage\":\"de\"}]}<\/script>\n<!-- \/ Yoast SEO plugin. -->","yoast_head_json":{"title":"KaTech \u2013 Stabilisatoren und Emulgatoren f\u00fcr Sahne aus Pflanzenfett ohne Milchprodukte","description":"KaTech sind ein Lebensmittel-Technologie-Unternehmen, spezialisiert auf die Erstellung von ma\u00dfgeschneiderten Stabilisator und Emulgator L\u00f6sungen f\u00fcr Sahne aus Pflanzenfett ohne Milchprodukte","robots":{"index":"index","follow":"follow","max-snippet":"max-snippet:-1","max-image-preview":"max-image-preview:large","max-video-preview":"max-video-preview:-1"},"canonical":"https:\/\/katech-solutions.com\/de\/sahne\/sahne-aus-pflanzenfett-ohne-milchprodukte\/","og_locale":"de_DE","og_type":"article","og_title":"KaTech \u2013 Stabilisatoren und Emulgatoren f\u00fcr Sahne aus Pflanzenfett ohne Milchprodukte","og_description":"KaTech sind ein Lebensmittel-Technologie-Unternehmen, spezialisiert auf die Erstellung von ma\u00dfgeschneiderten Stabilisator und Emulgator L\u00f6sungen f\u00fcr Sahne aus Pflanzenfett ohne Milchprodukte","og_url":"https:\/\/katech-solutions.com\/de\/sahne\/sahne-aus-pflanzenfett-ohne-milchprodukte\/","og_site_name":"KaTech","article_modified_time":"2013-10-29T14:49:14+00:00","twitter_misc":{"Gesch\u00e4tzte Lesezeit":"1\u00a0Minute"},"schema":{"@context":"https:\/\/schema.org","@graph":[{"@type":"WebPage","@id":"https:\/\/katech-solutions.com\/de\/sahne\/sahne-aus-pflanzenfett-ohne-milchprodukte\/","url":"https:\/\/katech-solutions.com\/de\/sahne\/sahne-aus-pflanzenfett-ohne-milchprodukte\/","name":"KaTech \u2013 Stabilisatoren und Emulgatoren f\u00fcr Sahne aus Pflanzenfett ohne Milchprodukte","isPartOf":{"@id":"https:\/\/katech-solutions.com\/#website"},"datePublished":"2012-07-19T14:26:39+00:00","dateModified":"2013-10-29T14:49:14+00:00","description":"KaTech sind ein Lebensmittel-Technologie-Unternehmen, spezialisiert auf die Erstellung von ma\u00dfgeschneiderten Stabilisator und Emulgator L\u00f6sungen f\u00fcr Sahne aus Pflanzenfett ohne Milchprodukte","breadcrumb":{"@id":"https:\/\/katech-solutions.com\/de\/sahne\/sahne-aus-pflanzenfett-ohne-milchprodukte\/#breadcrumb"},"inLanguage":"de","potentialAction":[{"@type":"ReadAction","target":["https:\/\/katech-solutions.com\/de\/sahne\/sahne-aus-pflanzenfett-ohne-milchprodukte\/"]}]},{"@type":"BreadcrumbList","@id":"https:\/\/katech-solutions.com\/de\/sahne\/sahne-aus-pflanzenfett-ohne-milchprodukte\/#breadcrumb","itemListElement":[{"@type":"ListItem","position":1,"name":"Sahne","item":"https:\/\/katech-solutions.com\/de\/sahne\/"},{"@type":"ListItem","position":2,"name":"Sahne aus Pflanzenfett ohne Milchprodukte"}]},{"@type":"WebSite","@id":"https:\/\/katech-solutions.com\/#website","url":"https:\/\/katech-solutions.com\/","name":"KaTech","description":"","potentialAction":[{"@type":"SearchAction","target":{"@type":"EntryPoint","urlTemplate":"https:\/\/katech-solutions.com\/?s={search_term_string}"},"query-input":{"@type":"PropertyValueSpecification","valueRequired":true,"valueName":"search_term_string"}}],"inLanguage":"de"}]}},"_links":{"self":[{"href":"https:\/\/katech-solutions.com\/de\/wp-json\/wp\/v2\/pages\/1057","targetHints":{"allow":["GET"]}}],"collection":[{"href":"https:\/\/katech-solutions.com\/de\/wp-json\/wp\/v2\/pages"}],"about":[{"href":"https:\/\/katech-solutions.com\/de\/wp-json\/wp\/v2\/types\/page"}],"author":[{"embeddable":true,"href":"https:\/\/katech-solutions.com\/de\/wp-json\/wp\/v2\/users\/3"}],"replies":[{"embeddable":true,"href":"https:\/\/katech-solutions.com\/de\/wp-json\/wp\/v2\/comments?post=1057"}],"version-history":[{"count":3,"href":"https:\/\/katech-solutions.com\/de\/wp-json\/wp\/v2\/pages\/1057\/revisions"}],"predecessor-version":[{"id":3757,"href":"https:\/\/katech-solutions.com\/de\/wp-json\/wp\/v2\/pages\/1057\/revisions\/3757"}],"up":[{"embeddable":true,"href":"https:\/\/katech-solutions.com\/de\/wp-json\/wp\/v2\/pages\/1053"}],"wp:attachment":[{"href":"https:\/\/katech-solutions.com\/de\/wp-json\/wp\/v2\/media?parent=1057"}],"curies":[{"name":"wp","href":"https:\/\/api.w.org\/{rel}","templated":true}]}}