{"id":1055,"date":"2012-07-19T14:23:26","date_gmt":"2012-07-19T14:23:26","guid":{"rendered":"\/?page_id=1055"},"modified":"2014-11-10T15:45:45","modified_gmt":"2014-11-10T15:45:45","slug":"sahnetopping","status":"publish","type":"page","link":"https:\/\/katech-solutions.com\/de\/sahne\/sahnetopping\/","title":{"rendered":"Sahnetopping"},"content":{"rendered":"<p>Urspr\u00fcnglich wurde fertig aufgeschlagen Sahne in erster Linie mit 30 % Fettgehalt als Topping f\u00fcr Puddingdesserts verwendet. Durch die Weiterentwicklung spezieller Stabilisierungssysteme und neuer Technologien sind aktuell deutlich niedrigere Fettgeh\u00e4lter der Standard.<\/p>\n<p>Aufgeschlagenes Sahnetopping mit unterschiedlichsten Fettgeh\u00e4ltern wird in der Zwischenzeit in einer Vielzahl von s\u00fc\u00dfen und auch sauren Desserts eingesetzt. Die Sahne kann pasteurisiert oder UHT behandelt sein, wird nach dem Aufschlagen aseptisch gef\u00fcllt und ben\u00f6tigt nicht selten eine Haltbarkeit von 40 Tagen oder sogar l\u00e4nger. Durch die Kombination des optimalen Emulgators f\u00fcr die Aufschlagf\u00e4higkeit und Schaumstabilit\u00e4t sowie des Stabilisators f\u00fcr die Festigkeit und das Mundgef\u00fchl entsteht das Stabilisierungssystem f\u00fcr ein stabiles Sahnetopping mit guter Rosettenbildung.<\/p>\n","protected":false},"excerpt":{"rendered":"<p>Urspr\u00fcnglich wurde fertig aufgeschlagen Sahne in erster Linie mit 30 % Fettgehalt als Topping f\u00fcr Puddingdesserts verwendet. Durch die Weiterentwicklung spezieller Stabilisierungssysteme und neuer Technologien sind aktuell deutlich niedrigere Fettgeh\u00e4lter der Standard. Aufgeschlagenes Sahnetopping mit unterschiedlichsten Fettgeh\u00e4ltern wird in der &hellip; <a class=\"continue-reading\" href=\"https:\/\/katech-solutions.com\/de\/sahne\/sahnetopping\/\">Weiterlesen <span class=\"meta-nav\">&rarr;<\/span><\/a><\/p>\n","protected":false},"author":3,"featured_media":0,"parent":1053,"menu_order":0,"comment_status":"closed","ping_status":"open","template":"","meta":{"_acf_changed":false,"footnotes":""},"class_list":["post-1055","page","type-page","status-publish","hentry"],"acf":[],"yoast_head":"<!-- This site is optimized with the Yoast SEO plugin v27.2 - https:\/\/yoast.com\/product\/yoast-seo-wordpress\/ -->\n<title>KaTech \u2013 Stabilisator und Emulgator L\u00f6sungen f\u00fcr Sahnetopping<\/title>\n<meta name=\"description\" content=\"KaTech sind ein Lebensmittel-Technologie-Unternehmen, spezialisiert auf die Erstellung von ma\u00dfgeschneiderten Stabilisator und Emulgator L\u00f6sungen f\u00fcr Sahnetopping.\" \/>\n<meta name=\"robots\" content=\"index, follow, max-snippet:-1, max-image-preview:large, max-video-preview:-1\" \/>\n<link rel=\"canonical\" href=\"https:\/\/katech-solutions.com\/de\/sahne\/sahnetopping\/\" \/>\n<meta property=\"og:locale\" content=\"de_DE\" \/>\n<meta property=\"og:type\" content=\"article\" \/>\n<meta property=\"og:title\" content=\"KaTech \u2013 Stabilisator und Emulgator L\u00f6sungen f\u00fcr Sahnetopping\" \/>\n<meta property=\"og:description\" content=\"KaTech sind ein Lebensmittel-Technologie-Unternehmen, spezialisiert auf die Erstellung von ma\u00dfgeschneiderten Stabilisator und Emulgator L\u00f6sungen f\u00fcr Sahnetopping.\" \/>\n<meta property=\"og:url\" content=\"https:\/\/katech-solutions.com\/de\/sahne\/sahnetopping\/\" \/>\n<meta property=\"og:site_name\" content=\"KaTech\" \/>\n<meta property=\"article:modified_time\" content=\"2014-11-10T15:45:45+00:00\" \/>\n<meta name=\"twitter:label1\" content=\"Gesch\u00e4tzte Lesezeit\" \/>\n\t<meta name=\"twitter:data1\" content=\"1\u00a0Minute\" \/>\n<script type=\"application\/ld+json\" class=\"yoast-schema-graph\">{\"@context\":\"https:\/\/schema.org\",\"@graph\":[{\"@type\":\"WebPage\",\"@id\":\"https:\/\/katech-solutions.com\/de\/sahne\/sahnetopping\/\",\"url\":\"https:\/\/katech-solutions.com\/de\/sahne\/sahnetopping\/\",\"name\":\"KaTech \u2013 Stabilisator und Emulgator L\u00f6sungen f\u00fcr Sahnetopping\",\"isPartOf\":{\"@id\":\"https:\/\/katech-solutions.com\/#website\"},\"datePublished\":\"2012-07-19T14:23:26+00:00\",\"dateModified\":\"2014-11-10T15:45:45+00:00\",\"description\":\"KaTech sind ein Lebensmittel-Technologie-Unternehmen, spezialisiert auf die Erstellung von ma\u00dfgeschneiderten Stabilisator und Emulgator L\u00f6sungen f\u00fcr Sahnetopping.\",\"breadcrumb\":{\"@id\":\"https:\/\/katech-solutions.com\/de\/sahne\/sahnetopping\/#breadcrumb\"},\"inLanguage\":\"de\",\"potentialAction\":[{\"@type\":\"ReadAction\",\"target\":[\"https:\/\/katech-solutions.com\/de\/sahne\/sahnetopping\/\"]}]},{\"@type\":\"BreadcrumbList\",\"@id\":\"https:\/\/katech-solutions.com\/de\/sahne\/sahnetopping\/#breadcrumb\",\"itemListElement\":[{\"@type\":\"ListItem\",\"position\":1,\"name\":\"Sahne\",\"item\":\"https:\/\/katech-solutions.com\/de\/sahne\/\"},{\"@type\":\"ListItem\",\"position\":2,\"name\":\"Sahnetopping\"}]},{\"@type\":\"WebSite\",\"@id\":\"https:\/\/katech-solutions.com\/#website\",\"url\":\"https:\/\/katech-solutions.com\/\",\"name\":\"KaTech\",\"description\":\"\",\"potentialAction\":[{\"@type\":\"SearchAction\",\"target\":{\"@type\":\"EntryPoint\",\"urlTemplate\":\"https:\/\/katech-solutions.com\/?s={search_term_string}\"},\"query-input\":{\"@type\":\"PropertyValueSpecification\",\"valueRequired\":true,\"valueName\":\"search_term_string\"}}],\"inLanguage\":\"de\"}]}<\/script>\n<!-- \/ Yoast SEO plugin. -->","yoast_head_json":{"title":"KaTech \u2013 Stabilisator und Emulgator L\u00f6sungen f\u00fcr Sahnetopping","description":"KaTech sind ein Lebensmittel-Technologie-Unternehmen, spezialisiert auf die Erstellung von ma\u00dfgeschneiderten Stabilisator und Emulgator L\u00f6sungen f\u00fcr Sahnetopping.","robots":{"index":"index","follow":"follow","max-snippet":"max-snippet:-1","max-image-preview":"max-image-preview:large","max-video-preview":"max-video-preview:-1"},"canonical":"https:\/\/katech-solutions.com\/de\/sahne\/sahnetopping\/","og_locale":"de_DE","og_type":"article","og_title":"KaTech \u2013 Stabilisator und Emulgator L\u00f6sungen f\u00fcr Sahnetopping","og_description":"KaTech sind ein Lebensmittel-Technologie-Unternehmen, spezialisiert auf die Erstellung von ma\u00dfgeschneiderten Stabilisator und Emulgator L\u00f6sungen f\u00fcr Sahnetopping.","og_url":"https:\/\/katech-solutions.com\/de\/sahne\/sahnetopping\/","og_site_name":"KaTech","article_modified_time":"2014-11-10T15:45:45+00:00","twitter_misc":{"Gesch\u00e4tzte Lesezeit":"1\u00a0Minute"},"schema":{"@context":"https:\/\/schema.org","@graph":[{"@type":"WebPage","@id":"https:\/\/katech-solutions.com\/de\/sahne\/sahnetopping\/","url":"https:\/\/katech-solutions.com\/de\/sahne\/sahnetopping\/","name":"KaTech \u2013 Stabilisator und Emulgator L\u00f6sungen f\u00fcr Sahnetopping","isPartOf":{"@id":"https:\/\/katech-solutions.com\/#website"},"datePublished":"2012-07-19T14:23:26+00:00","dateModified":"2014-11-10T15:45:45+00:00","description":"KaTech sind ein Lebensmittel-Technologie-Unternehmen, spezialisiert auf die Erstellung von ma\u00dfgeschneiderten Stabilisator und Emulgator L\u00f6sungen f\u00fcr Sahnetopping.","breadcrumb":{"@id":"https:\/\/katech-solutions.com\/de\/sahne\/sahnetopping\/#breadcrumb"},"inLanguage":"de","potentialAction":[{"@type":"ReadAction","target":["https:\/\/katech-solutions.com\/de\/sahne\/sahnetopping\/"]}]},{"@type":"BreadcrumbList","@id":"https:\/\/katech-solutions.com\/de\/sahne\/sahnetopping\/#breadcrumb","itemListElement":[{"@type":"ListItem","position":1,"name":"Sahne","item":"https:\/\/katech-solutions.com\/de\/sahne\/"},{"@type":"ListItem","position":2,"name":"Sahnetopping"}]},{"@type":"WebSite","@id":"https:\/\/katech-solutions.com\/#website","url":"https:\/\/katech-solutions.com\/","name":"KaTech","description":"","potentialAction":[{"@type":"SearchAction","target":{"@type":"EntryPoint","urlTemplate":"https:\/\/katech-solutions.com\/?s={search_term_string}"},"query-input":{"@type":"PropertyValueSpecification","valueRequired":true,"valueName":"search_term_string"}}],"inLanguage":"de"}]}},"_links":{"self":[{"href":"https:\/\/katech-solutions.com\/de\/wp-json\/wp\/v2\/pages\/1055","targetHints":{"allow":["GET"]}}],"collection":[{"href":"https:\/\/katech-solutions.com\/de\/wp-json\/wp\/v2\/pages"}],"about":[{"href":"https:\/\/katech-solutions.com\/de\/wp-json\/wp\/v2\/types\/page"}],"author":[{"embeddable":true,"href":"https:\/\/katech-solutions.com\/de\/wp-json\/wp\/v2\/users\/3"}],"replies":[{"embeddable":true,"href":"https:\/\/katech-solutions.com\/de\/wp-json\/wp\/v2\/comments?post=1055"}],"version-history":[{"count":21,"href":"https:\/\/katech-solutions.com\/de\/wp-json\/wp\/v2\/pages\/1055\/revisions"}],"predecessor-version":[{"id":6461,"href":"https:\/\/katech-solutions.com\/de\/wp-json\/wp\/v2\/pages\/1055\/revisions\/6461"}],"up":[{"embeddable":true,"href":"https:\/\/katech-solutions.com\/de\/wp-json\/wp\/v2\/pages\/1053"}],"wp:attachment":[{"href":"https:\/\/katech-solutions.com\/de\/wp-json\/wp\/v2\/media?parent=1055"}],"curies":[{"name":"wp","href":"https:\/\/api.w.org\/{rel}","templated":true}]}}