{"id":1040,"date":"2012-07-19T14:08:46","date_gmt":"2012-07-19T14:08:46","guid":{"rendered":"\/?page_id=1040"},"modified":"2013-10-30T12:17:00","modified_gmt":"2013-10-30T12:17:00","slug":"huttenkase-aufgeschlagener-kase","status":"publish","type":"page","link":"https:\/\/katech-solutions.com\/de\/kase\/huttenkase-aufgeschlagener-kase\/","title":{"rendered":"H\u00fcttenk\u00e4se aufgeschlagener K\u00e4se"},"content":{"rendered":"<p>H\u00fcttenk\u00e4se erfreut sich immer gr\u00f6\u00dferer Beliebtheit \u2013 nicht zuletzt, weil er in der \u00d6ffentlichkeit als gesundes Lebensmittel wahrgenommen wird. Aufgrund seines relativ niedrigen Fettgehalts wird er als idealer Eiwei\u00dflieferant im Rahmen von Di\u00e4ten betrachtet. Er geh\u00f6rt zu den wenigen K\u00e4sesorten, die in den USA beheimatet sind. Dort ist H\u00fcttenk\u00e4se auch \u00e4u\u00dferst beliebt.<\/p>\n<p>Beim H\u00fcttenk\u00e4se handelt es sich um einen weichen, ungereiften K\u00e4se. Er entsteht durch die bei der Zugabe von Lab verursachte Milchs\u00e4uregerinnung. Die geronnene Masse (Gallerte) wird mit Messern in kleine W\u00fcrfel geschnitten und anschlie\u00dfend \u201egebrannt\u201c, damit die charakteristischen K\u00f6rner entstehen und die Molke austritt. Die abgetropfte Masse wird anschlie\u00dfend gewaschen und mit Sahne, Salz und ggf. Gew\u00fcrzen versetzt, um schlie\u00dflich abgepackt zu werden.<\/p>\n","protected":false},"excerpt":{"rendered":"<p>H\u00fcttenk\u00e4se erfreut sich immer gr\u00f6\u00dferer Beliebtheit \u2013 nicht zuletzt, weil er in der \u00d6ffentlichkeit als gesundes Lebensmittel wahrgenommen wird. Aufgrund seines relativ niedrigen Fettgehalts wird er als idealer Eiwei\u00dflieferant im Rahmen von Di\u00e4ten betrachtet. Er geh\u00f6rt zu den wenigen K\u00e4sesorten, &hellip; <a class=\"continue-reading\" href=\"https:\/\/katech-solutions.com\/de\/kase\/huttenkase-aufgeschlagener-kase\/\">Weiterlesen <span class=\"meta-nav\">&rarr;<\/span><\/a><\/p>\n","protected":false},"author":3,"featured_media":0,"parent":1020,"menu_order":0,"comment_status":"closed","ping_status":"open","template":"","meta":{"_acf_changed":false,"footnotes":""},"class_list":["post-1040","page","type-page","status-publish","hentry"],"acf":[],"yoast_head":"<!-- This site is optimized with the Yoast SEO plugin v27.2 - https:\/\/yoast.com\/product\/yoast-seo-wordpress\/ -->\n<title>KaTech-Stabilisatoren und Emulgatoren f\u00fcr H\u00fcttenk\u00e4se aufgeschlagener K\u00e4se<\/title>\n<meta name=\"description\" content=\"KaTech sind ein Lebensmittel-Technologie-Unternehmen, spezialisiert auf die Erstellung von ma\u00dfgeschneiderten Stabilisator und Emulgator L\u00f6sungen f\u00fcr H\u00fcttenk\u00e4se aufgeschlagener K\u00e4se.\" \/>\n<meta name=\"robots\" content=\"index, follow, max-snippet:-1, max-image-preview:large, max-video-preview:-1\" \/>\n<link rel=\"canonical\" href=\"https:\/\/katech-solutions.com\/de\/kase\/huttenkase-aufgeschlagener-kase\/\" \/>\n<meta property=\"og:locale\" content=\"de_DE\" \/>\n<meta property=\"og:type\" content=\"article\" \/>\n<meta property=\"og:title\" content=\"KaTech-Stabilisatoren und Emulgatoren f\u00fcr H\u00fcttenk\u00e4se aufgeschlagener K\u00e4se\" \/>\n<meta property=\"og:description\" content=\"KaTech sind ein Lebensmittel-Technologie-Unternehmen, spezialisiert auf die Erstellung von ma\u00dfgeschneiderten Stabilisator und Emulgator L\u00f6sungen f\u00fcr H\u00fcttenk\u00e4se aufgeschlagener K\u00e4se.\" \/>\n<meta property=\"og:url\" content=\"https:\/\/katech-solutions.com\/de\/kase\/huttenkase-aufgeschlagener-kase\/\" \/>\n<meta property=\"og:site_name\" content=\"KaTech\" \/>\n<meta property=\"article:modified_time\" content=\"2013-10-30T12:17:00+00:00\" \/>\n<meta name=\"twitter:label1\" content=\"Gesch\u00e4tzte Lesezeit\" \/>\n\t<meta name=\"twitter:data1\" content=\"1\u00a0Minute\" \/>\n<script type=\"application\/ld+json\" class=\"yoast-schema-graph\">{\"@context\":\"https:\/\/schema.org\",\"@graph\":[{\"@type\":\"WebPage\",\"@id\":\"https:\/\/katech-solutions.com\/de\/kase\/huttenkase-aufgeschlagener-kase\/\",\"url\":\"https:\/\/katech-solutions.com\/de\/kase\/huttenkase-aufgeschlagener-kase\/\",\"name\":\"KaTech-Stabilisatoren und Emulgatoren f\u00fcr H\u00fcttenk\u00e4se aufgeschlagener K\u00e4se\",\"isPartOf\":{\"@id\":\"https:\/\/katech-solutions.com\/#website\"},\"datePublished\":\"2012-07-19T14:08:46+00:00\",\"dateModified\":\"2013-10-30T12:17:00+00:00\",\"description\":\"KaTech sind ein Lebensmittel-Technologie-Unternehmen, spezialisiert auf die Erstellung von ma\u00dfgeschneiderten Stabilisator und Emulgator L\u00f6sungen f\u00fcr H\u00fcttenk\u00e4se aufgeschlagener K\u00e4se.\",\"breadcrumb\":{\"@id\":\"https:\/\/katech-solutions.com\/de\/kase\/huttenkase-aufgeschlagener-kase\/#breadcrumb\"},\"inLanguage\":\"de\",\"potentialAction\":[{\"@type\":\"ReadAction\",\"target\":[\"https:\/\/katech-solutions.com\/de\/kase\/huttenkase-aufgeschlagener-kase\/\"]}]},{\"@type\":\"BreadcrumbList\",\"@id\":\"https:\/\/katech-solutions.com\/de\/kase\/huttenkase-aufgeschlagener-kase\/#breadcrumb\",\"itemListElement\":[{\"@type\":\"ListItem\",\"position\":1,\"name\":\"K\u00e4se\",\"item\":\"https:\/\/katech-solutions.com\/de\/kase\/\"},{\"@type\":\"ListItem\",\"position\":2,\"name\":\"H\u00fcttenk\u00e4se aufgeschlagener K\u00e4se\"}]},{\"@type\":\"WebSite\",\"@id\":\"https:\/\/katech-solutions.com\/#website\",\"url\":\"https:\/\/katech-solutions.com\/\",\"name\":\"KaTech\",\"description\":\"\",\"potentialAction\":[{\"@type\":\"SearchAction\",\"target\":{\"@type\":\"EntryPoint\",\"urlTemplate\":\"https:\/\/katech-solutions.com\/?s={search_term_string}\"},\"query-input\":{\"@type\":\"PropertyValueSpecification\",\"valueRequired\":true,\"valueName\":\"search_term_string\"}}],\"inLanguage\":\"de\"}]}<\/script>\n<!-- \/ Yoast SEO plugin. -->","yoast_head_json":{"title":"KaTech-Stabilisatoren und Emulgatoren f\u00fcr H\u00fcttenk\u00e4se aufgeschlagener K\u00e4se","description":"KaTech sind ein Lebensmittel-Technologie-Unternehmen, spezialisiert auf die Erstellung von ma\u00dfgeschneiderten Stabilisator und Emulgator L\u00f6sungen f\u00fcr H\u00fcttenk\u00e4se aufgeschlagener K\u00e4se.","robots":{"index":"index","follow":"follow","max-snippet":"max-snippet:-1","max-image-preview":"max-image-preview:large","max-video-preview":"max-video-preview:-1"},"canonical":"https:\/\/katech-solutions.com\/de\/kase\/huttenkase-aufgeschlagener-kase\/","og_locale":"de_DE","og_type":"article","og_title":"KaTech-Stabilisatoren und Emulgatoren f\u00fcr H\u00fcttenk\u00e4se aufgeschlagener K\u00e4se","og_description":"KaTech sind ein Lebensmittel-Technologie-Unternehmen, spezialisiert auf die Erstellung von ma\u00dfgeschneiderten Stabilisator und Emulgator L\u00f6sungen f\u00fcr H\u00fcttenk\u00e4se aufgeschlagener K\u00e4se.","og_url":"https:\/\/katech-solutions.com\/de\/kase\/huttenkase-aufgeschlagener-kase\/","og_site_name":"KaTech","article_modified_time":"2013-10-30T12:17:00+00:00","twitter_misc":{"Gesch\u00e4tzte Lesezeit":"1\u00a0Minute"},"schema":{"@context":"https:\/\/schema.org","@graph":[{"@type":"WebPage","@id":"https:\/\/katech-solutions.com\/de\/kase\/huttenkase-aufgeschlagener-kase\/","url":"https:\/\/katech-solutions.com\/de\/kase\/huttenkase-aufgeschlagener-kase\/","name":"KaTech-Stabilisatoren und Emulgatoren f\u00fcr H\u00fcttenk\u00e4se aufgeschlagener K\u00e4se","isPartOf":{"@id":"https:\/\/katech-solutions.com\/#website"},"datePublished":"2012-07-19T14:08:46+00:00","dateModified":"2013-10-30T12:17:00+00:00","description":"KaTech sind ein Lebensmittel-Technologie-Unternehmen, spezialisiert auf die Erstellung von ma\u00dfgeschneiderten Stabilisator und Emulgator L\u00f6sungen f\u00fcr H\u00fcttenk\u00e4se aufgeschlagener K\u00e4se.","breadcrumb":{"@id":"https:\/\/katech-solutions.com\/de\/kase\/huttenkase-aufgeschlagener-kase\/#breadcrumb"},"inLanguage":"de","potentialAction":[{"@type":"ReadAction","target":["https:\/\/katech-solutions.com\/de\/kase\/huttenkase-aufgeschlagener-kase\/"]}]},{"@type":"BreadcrumbList","@id":"https:\/\/katech-solutions.com\/de\/kase\/huttenkase-aufgeschlagener-kase\/#breadcrumb","itemListElement":[{"@type":"ListItem","position":1,"name":"K\u00e4se","item":"https:\/\/katech-solutions.com\/de\/kase\/"},{"@type":"ListItem","position":2,"name":"H\u00fcttenk\u00e4se aufgeschlagener K\u00e4se"}]},{"@type":"WebSite","@id":"https:\/\/katech-solutions.com\/#website","url":"https:\/\/katech-solutions.com\/","name":"KaTech","description":"","potentialAction":[{"@type":"SearchAction","target":{"@type":"EntryPoint","urlTemplate":"https:\/\/katech-solutions.com\/?s={search_term_string}"},"query-input":{"@type":"PropertyValueSpecification","valueRequired":true,"valueName":"search_term_string"}}],"inLanguage":"de"}]}},"_links":{"self":[{"href":"https:\/\/katech-solutions.com\/de\/wp-json\/wp\/v2\/pages\/1040","targetHints":{"allow":["GET"]}}],"collection":[{"href":"https:\/\/katech-solutions.com\/de\/wp-json\/wp\/v2\/pages"}],"about":[{"href":"https:\/\/katech-solutions.com\/de\/wp-json\/wp\/v2\/types\/page"}],"author":[{"embeddable":true,"href":"https:\/\/katech-solutions.com\/de\/wp-json\/wp\/v2\/users\/3"}],"replies":[{"embeddable":true,"href":"https:\/\/katech-solutions.com\/de\/wp-json\/wp\/v2\/comments?post=1040"}],"version-history":[{"count":6,"href":"https:\/\/katech-solutions.com\/de\/wp-json\/wp\/v2\/pages\/1040\/revisions"}],"predecessor-version":[{"id":3830,"href":"https:\/\/katech-solutions.com\/de\/wp-json\/wp\/v2\/pages\/1040\/revisions\/3830"}],"up":[{"embeddable":true,"href":"https:\/\/katech-solutions.com\/de\/wp-json\/wp\/v2\/pages\/1020"}],"wp:attachment":[{"href":"https:\/\/katech-solutions.com\/de\/wp-json\/wp\/v2\/media?parent=1040"}],"curies":[{"name":"wp","href":"https:\/\/api.w.org\/{rel}","templated":true}]}}