{"id":1035,"date":"2012-07-19T14:05:34","date_gmt":"2012-07-19T14:05:34","guid":{"rendered":"\/?page_id=1035"},"modified":"2014-11-12T15:00:34","modified_gmt":"2014-11-12T15:00:34","slug":"kasekuchen","status":"publish","type":"page","link":"https:\/\/katech-solutions.com\/de\/desserts\/kasekuchen\/","title":{"rendered":"K\u00e4sekuchen"},"content":{"rendered":"<p>&nbsp;<\/p>\n<p>Der K\u00e4sekuchen stammt der \u00dcberlieferung nach urspr\u00fcnglich aus Griechenland. Es gibt Aufzeichnungen, die besagen, dass er im Jahr 776 v. Chr. den Athleten bei den ersten Olympischen Spielen serviert wurde. Die R\u00f6mer machten den aus Griechenland stammenden K\u00e4sekuchen in ganz Europa bekannt. Jahrhunderte sp\u00e4ter fand der Kuchen auch in Amerika Verbreitung.<\/p>\n<p>In Amerika wurde das Rezept abgewandelt und es wurde Frischk\u00e4se f\u00fcr den Kuchen verwendet. Im 20. Jahrhundert schlie\u00dflich wurde der klassische \u201eNew York Cheesecake\u201c erfunden.<\/p>\n<p>Heute werden traditionelle K\u00e4sekuchen in der Backindustrie von vielen Firmen hergestellt. Eine modernere Produktvariante sind lockere, ungebackene K\u00e4sekuchen, die von Molkereiunternehmen hergestellt und in Gl\u00e4sern als Einzelportionen im Handel angeboten werden.<\/p>\n","protected":false},"excerpt":{"rendered":"<p>&nbsp; Der K\u00e4sekuchen stammt der \u00dcberlieferung nach urspr\u00fcnglich aus Griechenland. Es gibt Aufzeichnungen, die besagen, dass er im Jahr 776 v. Chr. den Athleten bei den ersten Olympischen Spielen serviert wurde. Die R\u00f6mer machten den aus Griechenland stammenden K\u00e4sekuchen in &hellip; <a class=\"continue-reading\" href=\"https:\/\/katech-solutions.com\/de\/desserts\/kasekuchen\/\">Weiterlesen <span class=\"meta-nav\">&rarr;<\/span><\/a><\/p>\n","protected":false},"author":3,"featured_media":0,"parent":1073,"menu_order":2,"comment_status":"closed","ping_status":"closed","template":"","meta":{"_acf_changed":false,"footnotes":""},"class_list":["post-1035","page","type-page","status-publish","hentry"],"acf":[],"yoast_head":"<!-- This site is optimized with the Yoast SEO plugin v27.2 - https:\/\/yoast.com\/product\/yoast-seo-wordpress\/ -->\n<title>KaTech \u2013 Stabilisator und Emulgator L\u00f6sungen f\u00fcr K\u00e4sekuchen<\/title>\n<meta name=\"description\" content=\"KaTech sind ein Lebensmittel-Technologie-Unternehmen, spezialisiert auf die Erstellung von ma\u00dfgeschneiderten Stabilisator und Emulgator L\u00f6sungen f\u00fcr K\u00e4sekuchen.\" \/>\n<meta name=\"robots\" content=\"index, follow, max-snippet:-1, max-image-preview:large, max-video-preview:-1\" \/>\n<link rel=\"canonical\" href=\"https:\/\/katech-solutions.com\/de\/desserts\/kasekuchen\/\" \/>\n<meta property=\"og:locale\" content=\"de_DE\" \/>\n<meta property=\"og:type\" content=\"article\" \/>\n<meta property=\"og:title\" content=\"KaTech \u2013 Stabilisator und Emulgator L\u00f6sungen f\u00fcr K\u00e4sekuchen\" \/>\n<meta property=\"og:description\" content=\"KaTech sind ein Lebensmittel-Technologie-Unternehmen, spezialisiert auf die Erstellung von ma\u00dfgeschneiderten Stabilisator und Emulgator L\u00f6sungen f\u00fcr K\u00e4sekuchen.\" \/>\n<meta property=\"og:url\" content=\"https:\/\/katech-solutions.com\/de\/desserts\/kasekuchen\/\" \/>\n<meta property=\"og:site_name\" content=\"KaTech\" \/>\n<meta property=\"article:modified_time\" content=\"2014-11-12T15:00:34+00:00\" \/>\n<meta name=\"twitter:label1\" content=\"Gesch\u00e4tzte Lesezeit\" \/>\n\t<meta name=\"twitter:data1\" content=\"1\u00a0Minute\" \/>\n<script type=\"application\/ld+json\" class=\"yoast-schema-graph\">{\"@context\":\"https:\/\/schema.org\",\"@graph\":[{\"@type\":\"WebPage\",\"@id\":\"https:\/\/katech-solutions.com\/de\/desserts\/kasekuchen\/\",\"url\":\"https:\/\/katech-solutions.com\/de\/desserts\/kasekuchen\/\",\"name\":\"KaTech \u2013 Stabilisator und Emulgator L\u00f6sungen f\u00fcr K\u00e4sekuchen\",\"isPartOf\":{\"@id\":\"https:\/\/katech-solutions.com\/#website\"},\"datePublished\":\"2012-07-19T14:05:34+00:00\",\"dateModified\":\"2014-11-12T15:00:34+00:00\",\"description\":\"KaTech sind ein Lebensmittel-Technologie-Unternehmen, spezialisiert auf die Erstellung von ma\u00dfgeschneiderten Stabilisator und Emulgator L\u00f6sungen f\u00fcr K\u00e4sekuchen.\",\"breadcrumb\":{\"@id\":\"https:\/\/katech-solutions.com\/de\/desserts\/kasekuchen\/#breadcrumb\"},\"inLanguage\":\"de\",\"potentialAction\":[{\"@type\":\"ReadAction\",\"target\":[\"https:\/\/katech-solutions.com\/de\/desserts\/kasekuchen\/\"]}]},{\"@type\":\"BreadcrumbList\",\"@id\":\"https:\/\/katech-solutions.com\/de\/desserts\/kasekuchen\/#breadcrumb\",\"itemListElement\":[{\"@type\":\"ListItem\",\"position\":1,\"name\":\"Desserts\",\"item\":\"https:\/\/katech-solutions.com\/de\/desserts\/\"},{\"@type\":\"ListItem\",\"position\":2,\"name\":\"K\u00e4sekuchen\"}]},{\"@type\":\"WebSite\",\"@id\":\"https:\/\/katech-solutions.com\/#website\",\"url\":\"https:\/\/katech-solutions.com\/\",\"name\":\"KaTech\",\"description\":\"\",\"potentialAction\":[{\"@type\":\"SearchAction\",\"target\":{\"@type\":\"EntryPoint\",\"urlTemplate\":\"https:\/\/katech-solutions.com\/?s={search_term_string}\"},\"query-input\":{\"@type\":\"PropertyValueSpecification\",\"valueRequired\":true,\"valueName\":\"search_term_string\"}}],\"inLanguage\":\"de\"}]}<\/script>\n<!-- \/ Yoast SEO plugin. -->","yoast_head_json":{"title":"KaTech \u2013 Stabilisator und Emulgator L\u00f6sungen f\u00fcr K\u00e4sekuchen","description":"KaTech sind ein Lebensmittel-Technologie-Unternehmen, spezialisiert auf die Erstellung von ma\u00dfgeschneiderten Stabilisator und Emulgator L\u00f6sungen f\u00fcr K\u00e4sekuchen.","robots":{"index":"index","follow":"follow","max-snippet":"max-snippet:-1","max-image-preview":"max-image-preview:large","max-video-preview":"max-video-preview:-1"},"canonical":"https:\/\/katech-solutions.com\/de\/desserts\/kasekuchen\/","og_locale":"de_DE","og_type":"article","og_title":"KaTech \u2013 Stabilisator und Emulgator L\u00f6sungen f\u00fcr K\u00e4sekuchen","og_description":"KaTech sind ein Lebensmittel-Technologie-Unternehmen, spezialisiert auf die Erstellung von ma\u00dfgeschneiderten Stabilisator und Emulgator L\u00f6sungen f\u00fcr K\u00e4sekuchen.","og_url":"https:\/\/katech-solutions.com\/de\/desserts\/kasekuchen\/","og_site_name":"KaTech","article_modified_time":"2014-11-12T15:00:34+00:00","twitter_misc":{"Gesch\u00e4tzte Lesezeit":"1\u00a0Minute"},"schema":{"@context":"https:\/\/schema.org","@graph":[{"@type":"WebPage","@id":"https:\/\/katech-solutions.com\/de\/desserts\/kasekuchen\/","url":"https:\/\/katech-solutions.com\/de\/desserts\/kasekuchen\/","name":"KaTech \u2013 Stabilisator und Emulgator L\u00f6sungen f\u00fcr K\u00e4sekuchen","isPartOf":{"@id":"https:\/\/katech-solutions.com\/#website"},"datePublished":"2012-07-19T14:05:34+00:00","dateModified":"2014-11-12T15:00:34+00:00","description":"KaTech sind ein Lebensmittel-Technologie-Unternehmen, spezialisiert auf die Erstellung von ma\u00dfgeschneiderten Stabilisator und Emulgator L\u00f6sungen f\u00fcr K\u00e4sekuchen.","breadcrumb":{"@id":"https:\/\/katech-solutions.com\/de\/desserts\/kasekuchen\/#breadcrumb"},"inLanguage":"de","potentialAction":[{"@type":"ReadAction","target":["https:\/\/katech-solutions.com\/de\/desserts\/kasekuchen\/"]}]},{"@type":"BreadcrumbList","@id":"https:\/\/katech-solutions.com\/de\/desserts\/kasekuchen\/#breadcrumb","itemListElement":[{"@type":"ListItem","position":1,"name":"Desserts","item":"https:\/\/katech-solutions.com\/de\/desserts\/"},{"@type":"ListItem","position":2,"name":"K\u00e4sekuchen"}]},{"@type":"WebSite","@id":"https:\/\/katech-solutions.com\/#website","url":"https:\/\/katech-solutions.com\/","name":"KaTech","description":"","potentialAction":[{"@type":"SearchAction","target":{"@type":"EntryPoint","urlTemplate":"https:\/\/katech-solutions.com\/?s={search_term_string}"},"query-input":{"@type":"PropertyValueSpecification","valueRequired":true,"valueName":"search_term_string"}}],"inLanguage":"de"}]}},"_links":{"self":[{"href":"https:\/\/katech-solutions.com\/de\/wp-json\/wp\/v2\/pages\/1035","targetHints":{"allow":["GET"]}}],"collection":[{"href":"https:\/\/katech-solutions.com\/de\/wp-json\/wp\/v2\/pages"}],"about":[{"href":"https:\/\/katech-solutions.com\/de\/wp-json\/wp\/v2\/types\/page"}],"author":[{"embeddable":true,"href":"https:\/\/katech-solutions.com\/de\/wp-json\/wp\/v2\/users\/3"}],"replies":[{"embeddable":true,"href":"https:\/\/katech-solutions.com\/de\/wp-json\/wp\/v2\/comments?post=1035"}],"version-history":[{"count":12,"href":"https:\/\/katech-solutions.com\/de\/wp-json\/wp\/v2\/pages\/1035\/revisions"}],"predecessor-version":[{"id":6376,"href":"https:\/\/katech-solutions.com\/de\/wp-json\/wp\/v2\/pages\/1035\/revisions\/6376"}],"up":[{"embeddable":true,"href":"https:\/\/katech-solutions.com\/de\/wp-json\/wp\/v2\/pages\/1073"}],"wp:attachment":[{"href":"https:\/\/katech-solutions.com\/de\/wp-json\/wp\/v2\/media?parent=1035"}],"curies":[{"name":"wp","href":"https:\/\/api.w.org\/{rel}","templated":true}]}}