{"id":1020,"date":"2012-07-19T13:27:33","date_gmt":"2012-07-19T13:27:33","guid":{"rendered":"\/?page_id=1020"},"modified":"2017-11-30T14:29:03","modified_gmt":"2017-11-30T14:29:03","slug":"kase","status":"publish","type":"page","link":"https:\/\/katech-solutions.com\/de\/kase\/","title":{"rendered":"K\u00e4se"},"content":{"rendered":"<h2>K\u00e4se<\/h2>\n<p>K\u00e4se ist ein Nahrungsmittel, welches \u00fcberwiegend aus der Milch von K\u00fchen, aber auch von anderen Tieren, wie Schaf, Ziege und B\u00fcffel hergestellt wird.<\/p>\n<p>Unendliche Variationen und regionale Spezialit\u00e4ten sowie klassische K\u00e4sesorten sind im Markt erh\u00e4ltlich und befriedigen die Verbrauchererwartungen.<\/p>\n<p>Im K\u00e4sesegment tummeln sich zudem eine Vielzahl von Produkten aus H\u00fcttenk\u00e4se und Fromage Frais (Quark), Weichk\u00e4se, Schmelzk\u00e4se oder Analoga. Auch findet K\u00e4se Verwendung als Zutat in vielen industriell gefertigten Produkten. So erkl\u00e4rt sich der Bedarf an neuen, robusten K\u00e4seerzeugnissen, die genormt hergestellt werden k\u00f6nnen. Kenntnisse der geeigneten Proteinzusammensetzung, Fettgeh\u00e4lter und Technologie sind unerl\u00e4sslich, um das gew\u00fcnschte Produkt zu liefern.<\/p>\n<p>&nbsp;<\/p>\n","protected":false},"excerpt":{"rendered":"<p>K\u00e4se K\u00e4se ist ein Nahrungsmittel, welches \u00fcberwiegend aus der Milch von K\u00fchen, aber auch von anderen Tieren, wie Schaf, Ziege und B\u00fcffel hergestellt wird. Unendliche Variationen und regionale Spezialit\u00e4ten sowie klassische K\u00e4sesorten sind im Markt erh\u00e4ltlich und befriedigen die Verbrauchererwartungen. &hellip; <a class=\"continue-reading\" href=\"https:\/\/katech-solutions.com\/de\/kase\/\">Weiterlesen <span class=\"meta-nav\">&rarr;<\/span><\/a><\/p>\n","protected":false},"author":3,"featured_media":0,"parent":0,"menu_order":2,"comment_status":"closed","ping_status":"open","template":"layout-content-3.php","meta":{"_acf_changed":false,"footnotes":""},"class_list":["post-1020","page","type-page","status-publish","hentry"],"acf":[],"yoast_head":"<!-- This site is optimized with the Yoast SEO plugin v27.2 - https:\/\/yoast.com\/product\/yoast-seo-wordpress\/ -->\n<title>KaTech \u2013 ma\u00dfgeschneiderte Stabilisator und Emulgator L\u00f6sungen f\u00fcr K\u00e4se<\/title>\n<meta name=\"description\" content=\"KaTech sind ein Lebensmittel-Technologie-Unternehmen, spezialisiert auf die Erstellung von Stabilisator und Emulgator L\u00f6sungen f\u00fcr K\u00e4se.\" \/>\n<meta name=\"robots\" content=\"index, follow, max-snippet:-1, max-image-preview:large, max-video-preview:-1\" \/>\n<link rel=\"canonical\" href=\"https:\/\/katech-solutions.com\/de\/kase\/\" \/>\n<meta property=\"og:locale\" content=\"de_DE\" \/>\n<meta property=\"og:type\" content=\"article\" \/>\n<meta property=\"og:title\" content=\"KaTech \u2013 ma\u00dfgeschneiderte Stabilisator und Emulgator L\u00f6sungen f\u00fcr K\u00e4se\" \/>\n<meta property=\"og:description\" content=\"KaTech sind ein Lebensmittel-Technologie-Unternehmen, spezialisiert auf die Erstellung von Stabilisator und Emulgator L\u00f6sungen f\u00fcr K\u00e4se.\" \/>\n<meta property=\"og:url\" content=\"https:\/\/katech-solutions.com\/de\/kase\/\" \/>\n<meta property=\"og:site_name\" content=\"KaTech\" \/>\n<meta property=\"article:modified_time\" content=\"2017-11-30T14:29:03+00:00\" \/>\n<meta name=\"twitter:label1\" content=\"Gesch\u00e4tzte Lesezeit\" \/>\n\t<meta name=\"twitter:data1\" content=\"1\u00a0Minute\" \/>\n<script type=\"application\/ld+json\" class=\"yoast-schema-graph\">{\"@context\":\"https:\/\/schema.org\",\"@graph\":[{\"@type\":\"WebPage\",\"@id\":\"https:\/\/katech-solutions.com\/de\/kase\/\",\"url\":\"https:\/\/katech-solutions.com\/de\/kase\/\",\"name\":\"KaTech \u2013 ma\u00dfgeschneiderte Stabilisator und Emulgator L\u00f6sungen f\u00fcr K\u00e4se\",\"isPartOf\":{\"@id\":\"https:\/\/katech-solutions.com\/#website\"},\"datePublished\":\"2012-07-19T13:27:33+00:00\",\"dateModified\":\"2017-11-30T14:29:03+00:00\",\"description\":\"KaTech sind ein Lebensmittel-Technologie-Unternehmen, spezialisiert auf die Erstellung von Stabilisator und Emulgator L\u00f6sungen f\u00fcr K\u00e4se.\",\"inLanguage\":\"de\",\"potentialAction\":[{\"@type\":\"ReadAction\",\"target\":[\"https:\/\/katech-solutions.com\/de\/kase\/\"]}]},{\"@type\":\"WebSite\",\"@id\":\"https:\/\/katech-solutions.com\/#website\",\"url\":\"https:\/\/katech-solutions.com\/\",\"name\":\"KaTech\",\"description\":\"\",\"potentialAction\":[{\"@type\":\"SearchAction\",\"target\":{\"@type\":\"EntryPoint\",\"urlTemplate\":\"https:\/\/katech-solutions.com\/?s={search_term_string}\"},\"query-input\":{\"@type\":\"PropertyValueSpecification\",\"valueRequired\":true,\"valueName\":\"search_term_string\"}}],\"inLanguage\":\"de\"}]}<\/script>\n<!-- \/ Yoast SEO plugin. -->","yoast_head_json":{"title":"KaTech \u2013 ma\u00dfgeschneiderte Stabilisator und Emulgator L\u00f6sungen f\u00fcr K\u00e4se","description":"KaTech sind ein Lebensmittel-Technologie-Unternehmen, spezialisiert auf die Erstellung von Stabilisator und Emulgator L\u00f6sungen f\u00fcr K\u00e4se.","robots":{"index":"index","follow":"follow","max-snippet":"max-snippet:-1","max-image-preview":"max-image-preview:large","max-video-preview":"max-video-preview:-1"},"canonical":"https:\/\/katech-solutions.com\/de\/kase\/","og_locale":"de_DE","og_type":"article","og_title":"KaTech \u2013 ma\u00dfgeschneiderte Stabilisator und Emulgator L\u00f6sungen f\u00fcr K\u00e4se","og_description":"KaTech sind ein Lebensmittel-Technologie-Unternehmen, spezialisiert auf die Erstellung von Stabilisator und Emulgator L\u00f6sungen f\u00fcr K\u00e4se.","og_url":"https:\/\/katech-solutions.com\/de\/kase\/","og_site_name":"KaTech","article_modified_time":"2017-11-30T14:29:03+00:00","twitter_misc":{"Gesch\u00e4tzte Lesezeit":"1\u00a0Minute"},"schema":{"@context":"https:\/\/schema.org","@graph":[{"@type":"WebPage","@id":"https:\/\/katech-solutions.com\/de\/kase\/","url":"https:\/\/katech-solutions.com\/de\/kase\/","name":"KaTech \u2013 ma\u00dfgeschneiderte Stabilisator und Emulgator L\u00f6sungen f\u00fcr K\u00e4se","isPartOf":{"@id":"https:\/\/katech-solutions.com\/#website"},"datePublished":"2012-07-19T13:27:33+00:00","dateModified":"2017-11-30T14:29:03+00:00","description":"KaTech sind ein Lebensmittel-Technologie-Unternehmen, spezialisiert auf die Erstellung von Stabilisator und Emulgator L\u00f6sungen f\u00fcr K\u00e4se.","inLanguage":"de","potentialAction":[{"@type":"ReadAction","target":["https:\/\/katech-solutions.com\/de\/kase\/"]}]},{"@type":"WebSite","@id":"https:\/\/katech-solutions.com\/#website","url":"https:\/\/katech-solutions.com\/","name":"KaTech","description":"","potentialAction":[{"@type":"SearchAction","target":{"@type":"EntryPoint","urlTemplate":"https:\/\/katech-solutions.com\/?s={search_term_string}"},"query-input":{"@type":"PropertyValueSpecification","valueRequired":true,"valueName":"search_term_string"}}],"inLanguage":"de"}]}},"_links":{"self":[{"href":"https:\/\/katech-solutions.com\/de\/wp-json\/wp\/v2\/pages\/1020","targetHints":{"allow":["GET"]}}],"collection":[{"href":"https:\/\/katech-solutions.com\/de\/wp-json\/wp\/v2\/pages"}],"about":[{"href":"https:\/\/katech-solutions.com\/de\/wp-json\/wp\/v2\/types\/page"}],"author":[{"embeddable":true,"href":"https:\/\/katech-solutions.com\/de\/wp-json\/wp\/v2\/users\/3"}],"replies":[{"embeddable":true,"href":"https:\/\/katech-solutions.com\/de\/wp-json\/wp\/v2\/comments?post=1020"}],"version-history":[{"count":19,"href":"https:\/\/katech-solutions.com\/de\/wp-json\/wp\/v2\/pages\/1020\/revisions"}],"predecessor-version":[{"id":8832,"href":"https:\/\/katech-solutions.com\/de\/wp-json\/wp\/v2\/pages\/1020\/revisions\/8832"}],"wp:attachment":[{"href":"https:\/\/katech-solutions.com\/de\/wp-json\/wp\/v2\/media?parent=1020"}],"curies":[{"name":"wp","href":"https:\/\/api.w.org\/{rel}","templated":true}]}}