{"id":1016,"date":"2012-05-03T09:38:39","date_gmt":"2012-05-03T09:38:39","guid":{"rendered":"\/?page_id=1016"},"modified":"2017-08-24T16:22:05","modified_gmt":"2017-08-24T16:22:05","slug":"milchgetranke","status":"publish","type":"page","link":"https:\/\/katech-solutions.com\/de\/milchgetranke\/","title":{"rendered":"Milchgetr\u00e4nke"},"content":{"rendered":"<h2>Milchgetr\u00e4nke<\/h2>\n<p>Milchgetr\u00e4nke sind ausgesprochen beliebt bei Jung und Alt.&nbsp; Es gibt eine fast unendliche Vielzahl an verschiedenen Geschmacksrichtungen, z.B. mit Kakao oder Fruchtaromen oder auch saisonale Varianten, die inzwischen von Eltern h\u00e4ufig Sprudelgetr\u00e4nken vorgezogen werden, wenn es darum geht Schulkindern etwas Gesundes zum Trinken zu bieten. Viele S\u00fc\u00dfwarenmarken haben inzwischen sogar Getr\u00e4nke entwickelt oder lizensiert, die die Marke von bekannten Schokoriegeln tragen.<\/p>\n<p>Besonders hervorgehoben werden meistens der hohe Calcium-Gehalt sowie andere N\u00e4hrstoffe, die gut f\u00fcr Kinder sind. Kinder f\u00fchlen sich offensichtlich von den meist sehr farbenfrohen und s\u00fc\u00dfen Getr\u00e4nken angezogen. F\u00fcr Erwachsene hat die Industrie Vitamin oder Mineralstoff angereicherte Drinks entwickelt, die eine gesunde und erfrischende Alternative zu anderen Soft-Drinks darstellen.<\/p>\n<p>Heutzutage findet man unter Milchdrinks eine breite Palette unterschiedlicher Produkte, wie diverse Geschmacksrichtungen, Milchshakes, ges\u00e4uerte Frucht-Milchgetr\u00e4nke, lactosefreie Drinks oder auch Milch-Alternativen, basierend auf Pflanzenproteinen.<\/p>\n<p>Klicken Sie auf die Produkte in unserer K\u00fchltheke, um unsere Milchgetr\u00e4nk-L\u00f6sungen zu entdecken.<\/p>\n","protected":false},"excerpt":{"rendered":"<p>Milchgetr\u00e4nke Milchgetr\u00e4nke sind ausgesprochen beliebt bei Jung und Alt.&nbsp; Es gibt eine fast unendliche Vielzahl an verschiedenen Geschmacksrichtungen, z.B. mit Kakao oder Fruchtaromen oder auch saisonale Varianten, die inzwischen von Eltern h\u00e4ufig Sprudelgetr\u00e4nken vorgezogen werden, wenn es darum geht Schulkindern &hellip; <a class=\"continue-reading\" href=\"https:\/\/katech-solutions.com\/de\/milchgetranke\/\">Weiterlesen <span class=\"meta-nav\">&rarr;<\/span><\/a><\/p>\n","protected":false},"author":3,"featured_media":0,"parent":0,"menu_order":0,"comment_status":"closed","ping_status":"open","template":"layout-content-3.php","meta":{"_acf_changed":false,"footnotes":""},"class_list":["post-1016","page","type-page","status-publish","hentry"],"acf":[],"yoast_head":"<!-- This site is optimized with the Yoast SEO plugin v27.2 - https:\/\/yoast.com\/product\/yoast-seo-wordpress\/ -->\n<title>KaTech - Stabilisatoren und Emulgatoren f\u00fcr Milchgetr\u00e4nke<\/title>\n<meta name=\"description\" content=\"KaTech sind ein Lebensmittel-Technologie-Unternehmen, spezialisiert auf die Erstellung von Stabilisator und Emulgator L\u00f6sungen f\u00fcr Milchgetr\u00e4nke.\" \/>\n<meta name=\"robots\" content=\"index, follow, max-snippet:-1, max-image-preview:large, max-video-preview:-1\" \/>\n<link rel=\"canonical\" href=\"https:\/\/katech-solutions.com\/de\/milchgetranke\/\" \/>\n<meta property=\"og:locale\" content=\"de_DE\" \/>\n<meta property=\"og:type\" content=\"article\" \/>\n<meta property=\"og:title\" content=\"KaTech - Stabilisatoren und Emulgatoren f\u00fcr Milchgetr\u00e4nke\" \/>\n<meta property=\"og:description\" content=\"KaTech sind ein Lebensmittel-Technologie-Unternehmen, spezialisiert auf die Erstellung von Stabilisator und Emulgator L\u00f6sungen f\u00fcr Milchgetr\u00e4nke.\" \/>\n<meta property=\"og:url\" content=\"https:\/\/katech-solutions.com\/de\/milchgetranke\/\" \/>\n<meta property=\"og:site_name\" content=\"KaTech\" \/>\n<meta property=\"article:modified_time\" content=\"2017-08-24T16:22:05+00:00\" \/>\n<meta name=\"twitter:label1\" content=\"Gesch\u00e4tzte Lesezeit\" \/>\n\t<meta name=\"twitter:data1\" content=\"1\u00a0Minute\" \/>\n<script type=\"application\/ld+json\" class=\"yoast-schema-graph\">{\"@context\":\"https:\/\/schema.org\",\"@graph\":[{\"@type\":\"WebPage\",\"@id\":\"https:\/\/katech-solutions.com\/de\/milchgetranke\/\",\"url\":\"https:\/\/katech-solutions.com\/de\/milchgetranke\/\",\"name\":\"KaTech - Stabilisatoren und Emulgatoren f\u00fcr Milchgetr\u00e4nke\",\"isPartOf\":{\"@id\":\"https:\/\/katech-solutions.com\/#website\"},\"datePublished\":\"2012-05-03T09:38:39+00:00\",\"dateModified\":\"2017-08-24T16:22:05+00:00\",\"description\":\"KaTech sind ein Lebensmittel-Technologie-Unternehmen, spezialisiert auf die Erstellung von Stabilisator und Emulgator L\u00f6sungen f\u00fcr Milchgetr\u00e4nke.\",\"inLanguage\":\"de\",\"potentialAction\":[{\"@type\":\"ReadAction\",\"target\":[\"https:\/\/katech-solutions.com\/de\/milchgetranke\/\"]}]},{\"@type\":\"WebSite\",\"@id\":\"https:\/\/katech-solutions.com\/#website\",\"url\":\"https:\/\/katech-solutions.com\/\",\"name\":\"KaTech\",\"description\":\"\",\"potentialAction\":[{\"@type\":\"SearchAction\",\"target\":{\"@type\":\"EntryPoint\",\"urlTemplate\":\"https:\/\/katech-solutions.com\/?s={search_term_string}\"},\"query-input\":{\"@type\":\"PropertyValueSpecification\",\"valueRequired\":true,\"valueName\":\"search_term_string\"}}],\"inLanguage\":\"de\"}]}<\/script>\n<!-- \/ Yoast SEO plugin. -->","yoast_head_json":{"title":"KaTech - Stabilisatoren und Emulgatoren f\u00fcr Milchgetr\u00e4nke","description":"KaTech sind ein Lebensmittel-Technologie-Unternehmen, spezialisiert auf die Erstellung von Stabilisator und Emulgator L\u00f6sungen f\u00fcr Milchgetr\u00e4nke.","robots":{"index":"index","follow":"follow","max-snippet":"max-snippet:-1","max-image-preview":"max-image-preview:large","max-video-preview":"max-video-preview:-1"},"canonical":"https:\/\/katech-solutions.com\/de\/milchgetranke\/","og_locale":"de_DE","og_type":"article","og_title":"KaTech - Stabilisatoren und Emulgatoren f\u00fcr Milchgetr\u00e4nke","og_description":"KaTech sind ein Lebensmittel-Technologie-Unternehmen, spezialisiert auf die Erstellung von Stabilisator und Emulgator L\u00f6sungen f\u00fcr Milchgetr\u00e4nke.","og_url":"https:\/\/katech-solutions.com\/de\/milchgetranke\/","og_site_name":"KaTech","article_modified_time":"2017-08-24T16:22:05+00:00","twitter_misc":{"Gesch\u00e4tzte Lesezeit":"1\u00a0Minute"},"schema":{"@context":"https:\/\/schema.org","@graph":[{"@type":"WebPage","@id":"https:\/\/katech-solutions.com\/de\/milchgetranke\/","url":"https:\/\/katech-solutions.com\/de\/milchgetranke\/","name":"KaTech - Stabilisatoren und Emulgatoren f\u00fcr Milchgetr\u00e4nke","isPartOf":{"@id":"https:\/\/katech-solutions.com\/#website"},"datePublished":"2012-05-03T09:38:39+00:00","dateModified":"2017-08-24T16:22:05+00:00","description":"KaTech sind ein Lebensmittel-Technologie-Unternehmen, spezialisiert auf die Erstellung von Stabilisator und Emulgator L\u00f6sungen f\u00fcr Milchgetr\u00e4nke.","inLanguage":"de","potentialAction":[{"@type":"ReadAction","target":["https:\/\/katech-solutions.com\/de\/milchgetranke\/"]}]},{"@type":"WebSite","@id":"https:\/\/katech-solutions.com\/#website","url":"https:\/\/katech-solutions.com\/","name":"KaTech","description":"","potentialAction":[{"@type":"SearchAction","target":{"@type":"EntryPoint","urlTemplate":"https:\/\/katech-solutions.com\/?s={search_term_string}"},"query-input":{"@type":"PropertyValueSpecification","valueRequired":true,"valueName":"search_term_string"}}],"inLanguage":"de"}]}},"_links":{"self":[{"href":"https:\/\/katech-solutions.com\/de\/wp-json\/wp\/v2\/pages\/1016","targetHints":{"allow":["GET"]}}],"collection":[{"href":"https:\/\/katech-solutions.com\/de\/wp-json\/wp\/v2\/pages"}],"about":[{"href":"https:\/\/katech-solutions.com\/de\/wp-json\/wp\/v2\/types\/page"}],"author":[{"embeddable":true,"href":"https:\/\/katech-solutions.com\/de\/wp-json\/wp\/v2\/users\/3"}],"replies":[{"embeddable":true,"href":"https:\/\/katech-solutions.com\/de\/wp-json\/wp\/v2\/comments?post=1016"}],"version-history":[{"count":45,"href":"https:\/\/katech-solutions.com\/de\/wp-json\/wp\/v2\/pages\/1016\/revisions"}],"predecessor-version":[{"id":8394,"href":"https:\/\/katech-solutions.com\/de\/wp-json\/wp\/v2\/pages\/1016\/revisions\/8394"}],"wp:attachment":[{"href":"https:\/\/katech-solutions.com\/de\/wp-json\/wp\/v2\/media?parent=1016"}],"curies":[{"name":"wp","href":"https:\/\/api.w.org\/{rel}","templated":true}]}}